{"id":165,"date":"2022-09-13T11:33:27","date_gmt":"2022-09-13T09:33:27","guid":{"rendered":"http:\/\/10.80.100.25\/?page_id=165"},"modified":"2023-02-04T09:59:07","modified_gmt":"2023-02-04T08:59:07","slug":"nuestros-objetivos","status":"publish","type":"page","link":"https:\/\/www.facepa.org\/en\/federation\/our-goals\/","title":{"rendered":"Our goals"},"content":{"rendered":"\t\t<div data-elementor-type=\"wp-page\" data-elementor-id=\"165\" class=\"elementor elementor-165\" data-elementor-post-type=\"page\">\n\t\t\t\t\t\t<section class=\"elementor-section elementor-top-section elementor-element elementor-element-f960390 elementor-section-height-min-height elementor-section-content-middle elementor-section-full_width elementor-section-stretched bkg-federacion elementor-section-height-default elementor-section-items-middle\" data-id=\"f960390\" data-element_type=\"section\" data-settings=\"{&quot;background_background&quot;:&quot;classic&quot;,&quot;stretch_section&quot;:&quot;section-stretched&quot;}\">\n\t\t\t\t\t\t\t<div class=\"elementor-background-overlay\"><\/div>\n\t\t\t\t\t\t\t<div class=\"elementor-container elementor-column-gap-default\">\n\t\t\t\t\t<div class=\"elementor-column elementor-col-100 elementor-top-column elementor-element elementor-element-a97497b\" data-id=\"a97497b\" data-element_type=\"column\">\n\t\t\t<div class=\"elementor-widget-wrap elementor-element-populated\">\n\t\t\t\t\t\t<div class=\"elementor-element elementor-element-33b076c elementor-widget elementor-widget-theme-post-title elementor-page-title elementor-widget-heading\" data-id=\"33b076c\" data-element_type=\"widget\" data-widget_type=\"theme-post-title.default\">\n\t\t\t\t<div class=\"elementor-widget-container\">\n\t\t\t<style>\/*! elementor - v3.22.0 - 26-06-2024 *\/\n.elementor-heading-title{padding:0;margin:0;line-height:1}.elementor-widget-heading .elementor-heading-title[class*=elementor-size-]>a{color:inherit;font-size:inherit;line-height:inherit}.elementor-widget-heading .elementor-heading-title.elementor-size-small{font-size:15px}.elementor-widget-heading .elementor-heading-title.elementor-size-medium{font-size:19px}.elementor-widget-heading .elementor-heading-title.elementor-size-large{font-size:29px}.elementor-widget-heading .elementor-heading-title.elementor-size-xl{font-size:39px}.elementor-widget-heading .elementor-heading-title.elementor-size-xxl{font-size:59px}<\/style><h1 class=\"elementor-heading-title elementor-size-default\">Our goals<\/h1>\t\t<\/div>\n\t\t\t\t<\/div>\n\t\t\t\t\t<\/div>\n\t\t<\/div>\n\t\t\t\t\t<\/div>\n\t\t<\/section>\n\t\t\t\t<section class=\"elementor-section elementor-top-section elementor-element elementor-element-8078980 elementor-section-boxed elementor-section-height-default elementor-section-height-default\" data-id=\"8078980\" data-element_type=\"section\">\n\t\t\t\t\t\t<div class=\"elementor-container elementor-column-gap-default\">\n\t\t\t\t\t<div class=\"elementor-column elementor-col-100 elementor-top-column elementor-element elementor-element-9f26990\" data-id=\"9f26990\" data-element_type=\"column\">\n\t\t\t<div class=\"elementor-widget-wrap elementor-element-populated\">\n\t\t\t\t\t\t<div class=\"elementor-element elementor-element-585eb3d elementor-position-left elementor-vertical-align-middle elementor-widget elementor-widget-image-box\" data-id=\"585eb3d\" data-element_type=\"widget\" data-widget_type=\"image-box.default\">\n\t\t\t\t<div class=\"elementor-widget-container\">\n\t\t\t<style>\/*! elementor - v3.22.0 - 26-06-2024 *\/\n.elementor-widget-image-box .elementor-image-box-content{width:100%}@media (min-width:768px){.elementor-widget-image-box.elementor-position-left .elementor-image-box-wrapper,.elementor-widget-image-box.elementor-position-right .elementor-image-box-wrapper{display:flex}.elementor-widget-image-box.elementor-position-right .elementor-image-box-wrapper{text-align:end;flex-direction:row-reverse}.elementor-widget-image-box.elementor-position-left .elementor-image-box-wrapper{text-align:start;flex-direction:row}.elementor-widget-image-box.elementor-position-top .elementor-image-box-img{margin:auto}.elementor-widget-image-box.elementor-vertical-align-top .elementor-image-box-wrapper{align-items:flex-start}.elementor-widget-image-box.elementor-vertical-align-middle .elementor-image-box-wrapper{align-items:center}.elementor-widget-image-box.elementor-vertical-align-bottom .elementor-image-box-wrapper{align-items:flex-end}}@media (max-width:767px){.elementor-widget-image-box .elementor-image-box-img{margin-left:auto!important;margin-right:auto!important;margin-bottom:15px}}.elementor-widget-image-box .elementor-image-box-img{display:inline-block}.elementor-widget-image-box .elementor-image-box-title a{color:inherit}.elementor-widget-image-box .elementor-image-box-wrapper{text-align:center}.elementor-widget-image-box .elementor-image-box-description{margin:0}<\/style><div class=\"elementor-image-box-wrapper\"><figure class=\"elementor-image-box-img\"><img decoding=\"async\" src=\"https:\/\/www.facepa.org\/wp-content\/uploads\/elementor\/thumbs\/img2-pw5x2vplnoc5zfxrjuczt2kdedn3rxd3y4gxdlxj7s.png\" title=\"img2\" alt=\"img2\" loading=\"lazy\" \/><\/figure><div class=\"elementor-image-box-content\"><h2 class=\"elementor-image-box-title\">Educaction<\/h2><p class=\"elementor-image-box-description\"> \nPromote Adult Education in its three areas: basic training, occupational training and cultural and leisure training from a critical, participatory and transformative perspective.\n<\/p><\/div><\/div>\t\t<\/div>\n\t\t\t\t<\/div>\n\t\t\t\t<div class=\"elementor-element elementor-element-d092fd7 elementor-position-left elementor-vertical-align-middle elementor-widget elementor-widget-image-box\" data-id=\"d092fd7\" data-element_type=\"widget\" data-widget_type=\"image-box.default\">\n\t\t\t\t<div class=\"elementor-widget-container\">\n\t\t\t<div class=\"elementor-image-box-wrapper\"><figure class=\"elementor-image-box-img\"><img decoding=\"async\" src=\"https:\/\/www.facepa.org\/wp-content\/uploads\/elementor\/thumbs\/img1-pw5x2urrguavntz4pbyd8kswszrqk89dlztfwbyxe0.png\" title=\"img1\" alt=\"img1\" loading=\"lazy\" \/><\/figure><div class=\"elementor-image-box-content\"><h2 class=\"elementor-image-box-title\">Suport<\/h2><p class=\"elementor-image-box-description\"> \nWe support territorial projects and cultural, educational and formative associations of Adult Education according to the demands and needs of the different groups that make up the community.\n<\/p><\/div><\/div>\t\t<\/div>\n\t\t\t\t<\/div>\n\t\t\t\t<div class=\"elementor-element elementor-element-48917b5 elementor-position-left elementor-vertical-align-middle elementor-widget elementor-widget-image-box\" data-id=\"48917b5\" data-element_type=\"widget\" data-widget_type=\"image-box.default\">\n\t\t\t\t<div class=\"elementor-widget-container\">\n\t\t\t<div class=\"elementor-image-box-wrapper\"><figure class=\"elementor-image-box-img\"><img decoding=\"async\" src=\"https:\/\/www.facepa.org\/wp-content\/uploads\/elementor\/thumbs\/img3-pw5x2ttxa09lc80hutjqo31g7lwdcj5n9v5yf20bk8.png\" title=\"img3\" alt=\"img3\" loading=\"lazy\" \/><\/figure><div class=\"elementor-image-box-content\"><h2 class=\"elementor-image-box-title\">Dynamization<\/h2><p class=\"elementor-image-box-description\">\nTo promote the exchange of experiences, conferences and training and cultural activities both from public and institutional initiatives based on the absence of profit, democratic management, ideological pluralism, openness to the environment and pedagogical quality.\n<\/p><\/div><\/div>\t\t<\/div>\n\t\t\t\t<\/div>\n\t\t\t\t<div class=\"elementor-element elementor-element-f5305af elementor-position-left elementor-vertical-align-middle elementor-widget elementor-widget-image-box\" data-id=\"f5305af\" data-element_type=\"widget\" data-widget_type=\"image-box.default\">\n\t\t\t\t<div class=\"elementor-widget-container\">\n\t\t\t<div class=\"elementor-image-box-wrapper\"><figure class=\"elementor-image-box-img\"><img decoding=\"async\" src=\"https:\/\/www.facepa.org\/wp-content\/uploads\/elementor\/thumbs\/img5-pw5xanti8azm38mw47ftg3vqf7ahhq94cmvme2e7pk.png\" title=\"img5\" alt=\"img5\" loading=\"lazy\" \/><\/figure><div class=\"elementor-image-box-content\"><h2 class=\"elementor-image-box-title\">Representation<\/h2><p class=\"elementor-image-box-description\">\nTo appear as a valid interlocutor before the different autonomous and local administrations as well as before the international organizations that act in this field, establishing agreements that contribute to the proposed aims.\n<\/p><\/div><\/div>\t\t<\/div>\n\t\t\t\t<\/div>\n\t\t\t\t<div class=\"elementor-element elementor-element-6982266 elementor-position-left elementor-vertical-align-middle elementor-widget elementor-widget-image-box\" data-id=\"6982266\" data-element_type=\"widget\" data-widget_type=\"image-box.default\">\n\t\t\t\t<div class=\"elementor-widget-container\">\n\t\t\t<div class=\"elementor-image-box-wrapper\"><figure class=\"elementor-image-box-img\"><img decoding=\"async\" src=\"https:\/\/www.facepa.org\/wp-content\/uploads\/elementor\/thumbs\/img4-pw5x2sw3368b0m1v0b543l9zm8104u1wxqigxs1pqg.png\" title=\"img4\" alt=\"img4\" loading=\"lazy\" \/><\/figure><div class=\"elementor-image-box-content\"><h2 class=\"elementor-image-box-title\">Solidarity<\/h2><p class=\"elementor-image-box-description\">\nTo deepen in the analysis of the demand of all adults, mainly of the most disadvantaged social sectors (women, immigrants, unemployed people, young people...) and to promote their access to educational and cultural resources in order to combat inequalities in these areas.\n<\/p><\/div><\/div>\t\t<\/div>\n\t\t\t\t<\/div>\n\t\t\t\t\t<\/div>\n\t\t<\/div>\n\t\t\t\t\t<\/div>\n\t\t<\/section>\n\t\t\t\t<\/div>\n\t\t","protected":false},"excerpt":{"rendered":"<p>Educaction Promote Adult Education in its three areas: basic training, occupational training and cultural and leisure training from a critical, participatory and transformative perspective. Suport We support territorial projects and&#8230;<\/p>\n","protected":false},"author":4,"featured_media":0,"parent":8,"menu_order":2,"comment_status":"closed","ping_status":"closed","template":"elementor_header_footer","meta":{"footnotes":""},"categories":[],"tags":[],"class_list":["post-165","page","type-page","status-publish","hentry"],"yoast_head":"<!-- This site is optimized with the Yoast SEO plugin v23.0 - https:\/\/yoast.com\/wordpress\/plugins\/seo\/ -->\n<title>Our goals - Facepa.org<\/title>\n<meta name=\"description\" content=\"Promover la Educaci\u00f3n de Personas Adultas en sus tres \u00e1mbitos : formaci\u00f3n b\u00e1sica, formaci\u00f3n ocupacional y formaci\u00f3n cultural\" \/>\n<meta name=\"robots\" content=\"index, follow, max-snippet:-1, max-image-preview:large, max-video-preview:-1\" \/>\n<link rel=\"canonical\" href=\"https:\/\/www.facepa.org\/en\/federacion\/nuestros-objetivos\/\" \/>\n<meta property=\"og:locale\" content=\"en_US\" \/>\n<meta property=\"og:type\" content=\"article\" \/>\n<meta property=\"og:title\" content=\"Our goals - Facepa.org\" \/>\n<meta property=\"og:description\" content=\"Promover la Educaci\u00f3n de Personas Adultas en sus tres \u00e1mbitos : formaci\u00f3n b\u00e1sica, formaci\u00f3n ocupacional y formaci\u00f3n cultural\" \/>\n<meta property=\"og:url\" content=\"https:\/\/www.facepa.org\/en\/federacion\/nuestros-objetivos\/\" \/>\n<meta property=\"og:site_name\" content=\"Facepa.org\" \/>\n<meta property=\"article:modified_time\" content=\"2023-02-04T08:59:07+00:00\" \/>\n<meta property=\"og:image\" content=\"http:\/\/10.80.100.25\/wp-content\/uploads\/elementor\/thumbs\/img2-pw5x2vplnoc5zfxrjuczt2kdedn3rxd3y4gx5c8ow0.png\" \/>\n<meta name=\"twitter:card\" content=\"summary_large_image\" \/>\n<meta name=\"twitter:site\" content=\"@facepa96\" \/>\n<meta name=\"twitter:label1\" content=\"Est. reading time\" \/>\n\t<meta name=\"twitter:data1\" content=\"4 minutes\" \/>\n<script type=\"application\/ld+json\" class=\"yoast-schema-graph\">{\"@context\":\"https:\/\/schema.org\",\"@graph\":[{\"@type\":\"WebPage\",\"@id\":\"https:\/\/www.facepa.org\/en\/federacion\/nuestros-objetivos\/\",\"url\":\"https:\/\/www.facepa.org\/en\/federacion\/nuestros-objetivos\/\",\"name\":\"Our goals - Facepa.org\",\"isPartOf\":{\"@id\":\"https:\/\/www.facepa.org\/en\/#website\"},\"primaryImageOfPage\":{\"@id\":\"https:\/\/www.facepa.org\/en\/federacion\/nuestros-objetivos\/#primaryimage\"},\"image\":{\"@id\":\"https:\/\/www.facepa.org\/federacion\/nuestros-objetivos\/#primaryimage\"},\"thumbnailUrl\":\"http:\/\/10.80.100.25\/wp-content\/uploads\/elementor\/thumbs\/img2-pw5x2vplnoc5zfxrjuczt2kdedn3rxd3y4gx5c8ow0.png\",\"datePublished\":\"2022-09-13T09:33:27+00:00\",\"dateModified\":\"2023-02-04T08:59:07+00:00\",\"description\":\"Promover la Educaci\u00f3n de Personas Adultas en sus tres \u00e1mbitos : formaci\u00f3n b\u00e1sica, formaci\u00f3n ocupacional y formaci\u00f3n cultural\",\"breadcrumb\":{\"@id\":\"https:\/\/www.facepa.org\/en\/federacion\/nuestros-objetivos\/#breadcrumb\"},\"inLanguage\":\"en-US\",\"potentialAction\":[{\"@type\":\"ReadAction\",\"target\":[[\"https:\/\/www.facepa.org\/en\/federacion\/nuestros-objetivos\/\"]]}]},{\"@type\":\"ImageObject\",\"inLanguage\":\"en-US\",\"@id\":\"https:\/\/www.facepa.org\/en\/federacion\/nuestros-objetivos\/#primaryimage\",\"url\":\"http:\/\/10.80.100.25\/wp-content\/uploads\/elementor\/thumbs\/img2-pw5x2vplnoc5zfxrjuczt2kdedn3rxd3y4gx5c8ow0.png\",\"contentUrl\":\"http:\/\/10.80.100.25\/wp-content\/uploads\/elementor\/thumbs\/img2-pw5x2vplnoc5zfxrjuczt2kdedn3rxd3y4gx5c8ow0.png\"},{\"@type\":\"BreadcrumbList\",\"@id\":\"https:\/\/www.facepa.org\/en\/federacion\/nuestros-objetivos\/#breadcrumb\",\"itemListElement\":[{\"@type\":\"ListItem\",\"position\":1,\"name\":\"Federaci\u00f3n\",\"item\":\"https:\/\/www.facepa.org\/en\/federacion\/\"},{\"@type\":\"ListItem\",\"position\":2,\"name\":\"Nuestros objetivos\"}]},{\"@type\":\"WebSite\",\"@id\":\"https:\/\/www.facepa.org\/en\/#website\",\"url\":\"https:\/\/www.facepa.org\/en\/\",\"name\":\"Facepa.org\",\"description\":\"Federaci\u00f3 d&#039;associacions culturals i educatives de persones adultes\",\"publisher\":{\"@id\":\"https:\/\/www.facepa.org\/en\/#organization\"},\"alternateName\":\"Federaci\u00f3 d'associacions culturals i educatives de persones adultes\",\"potentialAction\":[{\"@type\":\"SearchAction\",\"target\":{\"@type\":\"EntryPoint\",\"urlTemplate\":\"https:\/\/www.facepa.org\/en\/?s={search_term_string}\"},\"query-input\":\"required name=search_term_string\"}],\"inLanguage\":\"en-US\"},{\"@type\":\"Organization\",\"@id\":\"https:\/\/www.facepa.org\/en\/#organization\",\"name\":\"FACEPA. Federaci\u00f3 d'associacions culturals i educatives de persones adultes\",\"alternateName\":\"Federaci\u00f3 d'associacions culturals i educatives de persones adultes\",\"url\":\"https:\/\/www.facepa.org\/en\/\",\"logo\":{\"@type\":\"ImageObject\",\"inLanguage\":\"en-US\",\"@id\":\"https:\/\/www.facepa.org\/en\/#\/schema\/logo\/image\/\",\"url\":\"https:\/\/www.facepa.org\/wp-content\/uploads\/2022\/09\/Recurso-1.png\",\"contentUrl\":\"https:\/\/www.facepa.org\/wp-content\/uploads\/2022\/09\/Recurso-1.png\",\"width\":298,\"height\":130,\"caption\":\"FACEPA. Federaci\u00f3 d'associacions culturals i educatives de persones adultes\"},\"image\":{\"@id\":\"https:\/\/www.facepa.org\/en\/#\/schema\/logo\/image\/\"},\"sameAs\":[\"https:\/\/x.com\/facepa96\"]}]}<\/script>\n<!-- \/ Yoast SEO plugin. -->","yoast_head_json":{"title":"Our goals - Facepa.org","description":"Promover la Educaci\u00f3n de Personas Adultas en sus tres \u00e1mbitos : formaci\u00f3n b\u00e1sica, formaci\u00f3n ocupacional y formaci\u00f3n cultural","robots":{"index":"index","follow":"follow","max-snippet":"max-snippet:-1","max-image-preview":"max-image-preview:large","max-video-preview":"max-video-preview:-1"},"canonical":"https:\/\/www.facepa.org\/en\/federacion\/nuestros-objetivos\/","og_locale":"en_US","og_type":"article","og_title":"Our goals - Facepa.org","og_description":"Promover la Educaci\u00f3n de Personas Adultas en sus tres \u00e1mbitos : formaci\u00f3n b\u00e1sica, formaci\u00f3n ocupacional y formaci\u00f3n cultural","og_url":"https:\/\/www.facepa.org\/en\/federacion\/nuestros-objetivos\/","og_site_name":"Facepa.org","article_modified_time":"2023-02-04T08:59:07+00:00","og_image":[{"url":"http:\/\/10.80.100.25\/wp-content\/uploads\/elementor\/thumbs\/img2-pw5x2vplnoc5zfxrjuczt2kdedn3rxd3y4gx5c8ow0.png"}],"twitter_card":"summary_large_image","twitter_site":"@facepa96","twitter_misc":{"Est. reading time":"4 minutes"},"schema":{"@context":"https:\/\/schema.org","@graph":[{"@type":"WebPage","@id":"https:\/\/www.facepa.org\/en\/federacion\/nuestros-objetivos\/","url":"https:\/\/www.facepa.org\/en\/federacion\/nuestros-objetivos\/","name":"Our goals - Facepa.org","isPartOf":{"@id":"https:\/\/www.facepa.org\/en\/#website"},"primaryImageOfPage":{"@id":"https:\/\/www.facepa.org\/en\/federacion\/nuestros-objetivos\/#primaryimage"},"image":{"@id":"https:\/\/www.facepa.org\/federacion\/nuestros-objetivos\/#primaryimage"},"thumbnailUrl":"http:\/\/10.80.100.25\/wp-content\/uploads\/elementor\/thumbs\/img2-pw5x2vplnoc5zfxrjuczt2kdedn3rxd3y4gx5c8ow0.png","datePublished":"2022-09-13T09:33:27+00:00","dateModified":"2023-02-04T08:59:07+00:00","description":"Promover la Educaci\u00f3n de Personas Adultas en sus tres \u00e1mbitos : formaci\u00f3n b\u00e1sica, formaci\u00f3n ocupacional y formaci\u00f3n cultural","breadcrumb":{"@id":"https:\/\/www.facepa.org\/en\/federacion\/nuestros-objetivos\/#breadcrumb"},"inLanguage":"en-US","potentialAction":[{"@type":"ReadAction","target":[["https:\/\/www.facepa.org\/en\/federacion\/nuestros-objetivos\/"]]}]},{"@type":"ImageObject","inLanguage":"en-US","@id":"https:\/\/www.facepa.org\/en\/federacion\/nuestros-objetivos\/#primaryimage","url":"http:\/\/10.80.100.25\/wp-content\/uploads\/elementor\/thumbs\/img2-pw5x2vplnoc5zfxrjuczt2kdedn3rxd3y4gx5c8ow0.png","contentUrl":"http:\/\/10.80.100.25\/wp-content\/uploads\/elementor\/thumbs\/img2-pw5x2vplnoc5zfxrjuczt2kdedn3rxd3y4gx5c8ow0.png"},{"@type":"BreadcrumbList","@id":"https:\/\/www.facepa.org\/en\/federacion\/nuestros-objetivos\/#breadcrumb","itemListElement":[{"@type":"ListItem","position":1,"name":"Federaci\u00f3n","item":"https:\/\/www.facepa.org\/en\/federacion\/"},{"@type":"ListItem","position":2,"name":"Nuestros objetivos"}]},{"@type":"WebSite","@id":"https:\/\/www.facepa.org\/en\/#website","url":"https:\/\/www.facepa.org\/en\/","name":"Facepa.org","description":"Federaci\u00f3 d&#039;associacions culturals i educatives de persones adultes","publisher":{"@id":"https:\/\/www.facepa.org\/en\/#organization"},"alternateName":"Federaci\u00f3 d'associacions culturals i educatives de persones adultes","potentialAction":[{"@type":"SearchAction","target":{"@type":"EntryPoint","urlTemplate":"https:\/\/www.facepa.org\/en\/?s={search_term_string}"},"query-input":"required name=search_term_string"}],"inLanguage":"en-US"},{"@type":"Organization","@id":"https:\/\/www.facepa.org\/en\/#organization","name":"FACEPA. Federaci\u00f3 d'associacions culturals i educatives de persones adultes","alternateName":"Federaci\u00f3 d'associacions culturals i educatives de persones adultes","url":"https:\/\/www.facepa.org\/en\/","logo":{"@type":"ImageObject","inLanguage":"en-US","@id":"https:\/\/www.facepa.org\/en\/#\/schema\/logo\/image\/","url":"https:\/\/www.facepa.org\/wp-content\/uploads\/2022\/09\/Recurso-1.png","contentUrl":"https:\/\/www.facepa.org\/wp-content\/uploads\/2022\/09\/Recurso-1.png","width":298,"height":130,"caption":"FACEPA. Federaci\u00f3 d'associacions culturals i educatives de persones adultes"},"image":{"@id":"https:\/\/www.facepa.org\/en\/#\/schema\/logo\/image\/"},"sameAs":["https:\/\/x.com\/facepa96"]}]}},"_links":{"self":[{"href":"https:\/\/www.facepa.org\/en\/wp-json\/wp\/v2\/pages\/165","targetHints":{"allow":["GET"]}}],"collection":[{"href":"https:\/\/www.facepa.org\/en\/wp-json\/wp\/v2\/pages"}],"about":[{"href":"https:\/\/www.facepa.org\/en\/wp-json\/wp\/v2\/types\/page"}],"author":[{"embeddable":true,"href":"https:\/\/www.facepa.org\/en\/wp-json\/wp\/v2\/users\/4"}],"replies":[{"embeddable":true,"href":"https:\/\/www.facepa.org\/en\/wp-json\/wp\/v2\/comments?post=165"}],"version-history":[{"count":113,"href":"https:\/\/www.facepa.org\/en\/wp-json\/wp\/v2\/pages\/165\/revisions"}],"predecessor-version":[{"id":4120,"href":"https:\/\/www.facepa.org\/en\/wp-json\/wp\/v2\/pages\/165\/revisions\/4120"}],"up":[{"embeddable":true,"href":"https:\/\/www.facepa.org\/en\/wp-json\/wp\/v2\/pages\/8"}],"wp:attachment":[{"href":"https:\/\/www.facepa.org\/en\/wp-json\/wp\/v2\/media?parent=165"}],"wp:term":[{"taxonomy":"category","embeddable":true,"href":"https:\/\/www.facepa.org\/en\/wp-json\/wp\/v2\/categories?post=165"},{"taxonomy":"post_tag","embeddable":true,"href":"https:\/\/www.facepa.org\/en\/wp-json\/wp\/v2\/tags?post=165"}],"curies":[{"name":"wp","href":"https:\/\/api.w.org\/{rel}","templated":true}]}}