{"id":3765,"date":"2022-12-13T00:20:38","date_gmt":"2022-12-12T23:20:38","guid":{"rendered":"http:\/\/10.80.100.25\/?page_id=3765"},"modified":"2022-12-13T10:54:17","modified_gmt":"2022-12-13T09:54:17","slug":"cineforum","status":"publish","type":"page","link":"https:\/\/www.facepa.org\/ca\/activitats\/cineforum\/","title":{"rendered":"Cinef\u00f2rum"},"content":{"rendered":"<p>El cinef\u00f2rum \u00e9s una activitat en la que les persones participants comparteixen impressions i coneixements sobre pel\u00b7l\u00edcules a trav\u00e9s d\u2019un di\u00e0leg igualitari, alhora que generen un aprenentatge col\u00b7lectiu.<\/p>\n<p>La pel\u00b7l\u00edcula a visualitzar en cada jornada s\u2019escull de forma conjunta i democr\u00e0tica entre les participants, que es reuneixen una vegada al mes per intercanviar opinions sobre la mateixa en un espai de respecte i transformaci\u00f3.<\/p>","protected":false},"excerpt":{"rendered":"<p>El cinef\u00f2rum \u00e9s una activitat en la que les persones participants comparteixen impressions i coneixements sobre pel\u00b7l\u00edcules a trav\u00e9s d\u2019un di\u00e0leg igualitari, alhora que generen un aprenentatge col\u00b7lectiu.<\/p>\n","protected":false},"author":4,"featured_media":0,"parent":10,"menu_order":0,"comment_status":"closed","ping_status":"closed","template":"","meta":{"footnotes":""},"categories":[25],"tags":[],"class_list":["post-3765","page","type-page","status-publish","hentry","category-actividades-continuas"],"yoast_head":"<!-- This site is optimized with the Yoast SEO plugin v23.0 - https:\/\/yoast.com\/wordpress\/plugins\/seo\/ -->\n<title>Cinef\u00f2rum - Facepa.org<\/title>\n<meta name=\"robots\" content=\"index, follow, max-snippet:-1, max-image-preview:large, max-video-preview:-1\" \/>\n<link rel=\"canonical\" href=\"https:\/\/www.facepa.org\/ca\/actividades\/cineforum\/\" \/>\n<meta property=\"og:locale\" content=\"ca_ES\" \/>\n<meta property=\"og:type\" content=\"article\" \/>\n<meta property=\"og:title\" content=\"Cinef\u00f2rum - Facepa.org\" \/>\n<meta property=\"og:description\" content=\"El cinef\u00f2rum \u00e9s una activitat en la que les persones participants comparteixen impressions i coneixements sobre pel\u00b7l\u00edcules a trav\u00e9s d\u2019un di\u00e0leg igualitari, alhora que generen un aprenentatge col\u00b7lectiu.\" \/>\n<meta property=\"og:url\" content=\"https:\/\/www.facepa.org\/ca\/actividades\/cineforum\/\" \/>\n<meta property=\"og:site_name\" content=\"Facepa.org\" \/>\n<meta property=\"article:modified_time\" content=\"2022-12-13T09:54:17+00:00\" \/>\n<meta name=\"twitter:card\" content=\"summary_large_image\" \/>\n<meta name=\"twitter:site\" content=\"@facepa96\" \/>\n<meta name=\"twitter:label1\" content=\"Temps estimat de lectura\" \/>\n\t<meta name=\"twitter:data1\" content=\"1 minut\" \/>\n<script type=\"application\/ld+json\" class=\"yoast-schema-graph\">{\"@context\":\"https:\/\/schema.org\",\"@graph\":[{\"@type\":\"WebPage\",\"@id\":\"https:\/\/www.facepa.org\/ca\/actividades\/cineforum\/\",\"url\":\"https:\/\/www.facepa.org\/ca\/actividades\/cineforum\/\",\"name\":\"Cinef\u00f2rum - Facepa.org\",\"isPartOf\":{\"@id\":\"https:\/\/www.facepa.org\/ca\/#website\"},\"datePublished\":\"2022-12-12T23:20:38+00:00\",\"dateModified\":\"2022-12-13T09:54:17+00:00\",\"breadcrumb\":{\"@id\":\"https:\/\/www.facepa.org\/ca\/actividades\/cineforum\/#breadcrumb\"},\"inLanguage\":\"ca\",\"potentialAction\":[{\"@type\":\"ReadAction\",\"target\":[[\"https:\/\/www.facepa.org\/ca\/actividades\/cineforum\/\"]]}]},{\"@type\":\"BreadcrumbList\",\"@id\":\"https:\/\/www.facepa.org\/ca\/actividades\/cineforum\/#breadcrumb\",\"itemListElement\":[{\"@type\":\"ListItem\",\"position\":1,\"name\":\"Actividades\",\"item\":\"https:\/\/www.facepa.org\/ca\/actividades\/\"},{\"@type\":\"ListItem\",\"position\":2,\"name\":\"Cinef\u00f2rum\"}]},{\"@type\":\"WebSite\",\"@id\":\"https:\/\/www.facepa.org\/ca\/#website\",\"url\":\"https:\/\/www.facepa.org\/ca\/\",\"name\":\"Facepa.org\",\"description\":\"Federaci\u00f3 d&#039;associacions culturals i educatives de persones adultes\",\"publisher\":{\"@id\":\"https:\/\/www.facepa.org\/ca\/#organization\"},\"alternateName\":\"Federaci\u00f3 d'associacions culturals i educatives de persones adultes\",\"potentialAction\":[{\"@type\":\"SearchAction\",\"target\":{\"@type\":\"EntryPoint\",\"urlTemplate\":\"https:\/\/www.facepa.org\/ca\/?s={search_term_string}\"},\"query-input\":\"required name=search_term_string\"}],\"inLanguage\":\"ca\"},{\"@type\":\"Organization\",\"@id\":\"https:\/\/www.facepa.org\/ca\/#organization\",\"name\":\"FACEPA. Federaci\u00f3 d'associacions culturals i educatives de persones adultes\",\"alternateName\":\"Federaci\u00f3 d'associacions culturals i educatives de persones adultes\",\"url\":\"https:\/\/www.facepa.org\/ca\/\",\"logo\":{\"@type\":\"ImageObject\",\"inLanguage\":\"ca\",\"@id\":\"https:\/\/www.facepa.org\/ca\/#\/schema\/logo\/image\/\",\"url\":\"https:\/\/www.facepa.org\/wp-content\/uploads\/2022\/09\/Recurso-1.png\",\"contentUrl\":\"https:\/\/www.facepa.org\/wp-content\/uploads\/2022\/09\/Recurso-1.png\",\"width\":298,\"height\":130,\"caption\":\"FACEPA. Federaci\u00f3 d'associacions culturals i educatives de persones adultes\"},\"image\":{\"@id\":\"https:\/\/www.facepa.org\/ca\/#\/schema\/logo\/image\/\"},\"sameAs\":[\"https:\/\/x.com\/facepa96\"]}]}<\/script>\n<!-- \/ Yoast SEO plugin. -->","yoast_head_json":{"title":"Cinef\u00f2rum - Facepa.org","robots":{"index":"index","follow":"follow","max-snippet":"max-snippet:-1","max-image-preview":"max-image-preview:large","max-video-preview":"max-video-preview:-1"},"canonical":"https:\/\/www.facepa.org\/ca\/actividades\/cineforum\/","og_locale":"ca_ES","og_type":"article","og_title":"Cinef\u00f2rum - Facepa.org","og_description":"El cinef\u00f2rum \u00e9s una activitat en la que les persones participants comparteixen impressions i coneixements sobre pel\u00b7l\u00edcules a trav\u00e9s d\u2019un di\u00e0leg igualitari, alhora que generen un aprenentatge col\u00b7lectiu.","og_url":"https:\/\/www.facepa.org\/ca\/actividades\/cineforum\/","og_site_name":"Facepa.org","article_modified_time":"2022-12-13T09:54:17+00:00","twitter_card":"summary_large_image","twitter_site":"@facepa96","twitter_misc":{"Temps estimat de lectura":"1 minut"},"schema":{"@context":"https:\/\/schema.org","@graph":[{"@type":"WebPage","@id":"https:\/\/www.facepa.org\/ca\/actividades\/cineforum\/","url":"https:\/\/www.facepa.org\/ca\/actividades\/cineforum\/","name":"Cinef\u00f2rum - Facepa.org","isPartOf":{"@id":"https:\/\/www.facepa.org\/ca\/#website"},"datePublished":"2022-12-12T23:20:38+00:00","dateModified":"2022-12-13T09:54:17+00:00","breadcrumb":{"@id":"https:\/\/www.facepa.org\/ca\/actividades\/cineforum\/#breadcrumb"},"inLanguage":"ca","potentialAction":[{"@type":"ReadAction","target":[["https:\/\/www.facepa.org\/ca\/actividades\/cineforum\/"]]}]},{"@type":"BreadcrumbList","@id":"https:\/\/www.facepa.org\/ca\/actividades\/cineforum\/#breadcrumb","itemListElement":[{"@type":"ListItem","position":1,"name":"Actividades","item":"https:\/\/www.facepa.org\/ca\/actividades\/"},{"@type":"ListItem","position":2,"name":"Cinef\u00f2rum"}]},{"@type":"WebSite","@id":"https:\/\/www.facepa.org\/ca\/#website","url":"https:\/\/www.facepa.org\/ca\/","name":"Facepa.org","description":"Federaci\u00f3 d&#039;associacions culturals i educatives de persones adultes","publisher":{"@id":"https:\/\/www.facepa.org\/ca\/#organization"},"alternateName":"Federaci\u00f3 d'associacions culturals i educatives de persones adultes","potentialAction":[{"@type":"SearchAction","target":{"@type":"EntryPoint","urlTemplate":"https:\/\/www.facepa.org\/ca\/?s={search_term_string}"},"query-input":"required name=search_term_string"}],"inLanguage":"ca"},{"@type":"Organization","@id":"https:\/\/www.facepa.org\/ca\/#organization","name":"FACEPA. Federaci\u00f3 d'associacions culturals i educatives de persones adultes","alternateName":"Federaci\u00f3 d'associacions culturals i educatives de persones adultes","url":"https:\/\/www.facepa.org\/ca\/","logo":{"@type":"ImageObject","inLanguage":"ca","@id":"https:\/\/www.facepa.org\/ca\/#\/schema\/logo\/image\/","url":"https:\/\/www.facepa.org\/wp-content\/uploads\/2022\/09\/Recurso-1.png","contentUrl":"https:\/\/www.facepa.org\/wp-content\/uploads\/2022\/09\/Recurso-1.png","width":298,"height":130,"caption":"FACEPA. Federaci\u00f3 d'associacions culturals i educatives de persones adultes"},"image":{"@id":"https:\/\/www.facepa.org\/ca\/#\/schema\/logo\/image\/"},"sameAs":["https:\/\/x.com\/facepa96"]}]}},"_links":{"self":[{"href":"https:\/\/www.facepa.org\/ca\/wp-json\/wp\/v2\/pages\/3765","targetHints":{"allow":["GET"]}}],"collection":[{"href":"https:\/\/www.facepa.org\/ca\/wp-json\/wp\/v2\/pages"}],"about":[{"href":"https:\/\/www.facepa.org\/ca\/wp-json\/wp\/v2\/types\/page"}],"author":[{"embeddable":true,"href":"https:\/\/www.facepa.org\/ca\/wp-json\/wp\/v2\/users\/4"}],"replies":[{"embeddable":true,"href":"https:\/\/www.facepa.org\/ca\/wp-json\/wp\/v2\/comments?post=3765"}],"version-history":[{"count":30,"href":"https:\/\/www.facepa.org\/ca\/wp-json\/wp\/v2\/pages\/3765\/revisions"}],"predecessor-version":[{"id":3830,"href":"https:\/\/www.facepa.org\/ca\/wp-json\/wp\/v2\/pages\/3765\/revisions\/3830"}],"up":[{"embeddable":true,"href":"https:\/\/www.facepa.org\/ca\/wp-json\/wp\/v2\/pages\/10"}],"wp:attachment":[{"href":"https:\/\/www.facepa.org\/ca\/wp-json\/wp\/v2\/media?parent=3765"}],"wp:term":[{"taxonomy":"category","embeddable":true,"href":"https:\/\/www.facepa.org\/ca\/wp-json\/wp\/v2\/categories?post=3765"},{"taxonomy":"post_tag","embeddable":true,"href":"https:\/\/www.facepa.org\/ca\/wp-json\/wp\/v2\/tags?post=3765"}],"curies":[{"name":"wp","href":"https:\/\/api.w.org\/{rel}","templated":true}]}}